{"id":82,"date":"2025-07-13T08:02:01","date_gmt":"2025-07-13T06:02:01","guid":{"rendered":"https:\/\/promowheelsoffortune.com\/?page_id=82"},"modified":"2025-08-02T14:35:30","modified_gmt":"2025-08-02T12:35:30","slug":"revendeurs","status":"publish","type":"page","link":"https:\/\/promowheelsoffortune.com\/fr\/resellers\/","title":{"rendered":"Revendeurs"},"content":{"rendered":"<span style=\"font-size: x-large;\"><p><strong>Bonjour et bienvenue.<\/strong><\/p><\/span><p><strong><\/strong><\/p>\n<p><br>Merci de votre int\u00e9r\u00eat \u00e0 devenir notre partenaire \/ revendeur. Un membre de notre famille.<br><br>Nous fabriquons des Roues de la Fortune attrayantes et des prix\/cadeaux abordables<br><br>Si vous \u00eates une agence de marketing, une imprimerie, un designer ou toute personne int\u00e9ress\u00e9e par la revente de nos produits, vous \u00eates invit\u00e9 \u00e0 nous \u00e9crire un e-mail \u00e0 <a href=\"mailto:info@promowheelsoffortune.com\">info@promowheelsoffortune.com<\/a> ou remplir le <a href=\"https:\/\/promowheelsoffortune.com\/fr\/page-dinscription-des-revendeurs\/\">Formulaire de demande de revendeur<\/a>.&nbsp;<br><\/p>\n\n<p><br><\/p>\n\n\n<h5>\u00c0 vous, notre partenaire, nous offrons :<\/h5>\n\n\n\nDesignated advisor\n\n\nSeizable discount\n\n\nDesign support\n\n\nTechnical support\n\n\nSpecial promotions just for you\n\n\nNo-name-service: your client will never see our name or logo \u2013 they work with you and will always remain loyal to you.\n\n\nNo-name-delivery: we can deliver directly to your client, with your transssport documents, invoices\u2026","protected":false},"excerpt":{"rendered":"","protected":false},"author":1,"featured_media":0,"parent":0,"menu_order":0,"comment_status":"closed","ping_status":"closed","template":"","meta":{"pagelayer_contact_templates":[],"_pagelayer_content":"","footnotes":""},"class_list":["post-82","page","type-page","status-publish","hentry"],"_links":{"self":[{"href":"https:\/\/promowheelsoffortune.com\/fr\/wp-json\/wp\/v2\/pages\/82","targetHints":{"allow":["GET"]}}],"collection":[{"href":"https:\/\/promowheelsoffortune.com\/fr\/wp-json\/wp\/v2\/pages"}],"about":[{"href":"https:\/\/promowheelsoffortune.com\/fr\/wp-json\/wp\/v2\/types\/page"}],"author":[{"embeddable":true,"href":"https:\/\/promowheelsoffortune.com\/fr\/wp-json\/wp\/v2\/users\/1"}],"replies":[{"embeddable":true,"href":"https:\/\/promowheelsoffortune.com\/fr\/wp-json\/wp\/v2\/comments?post=82"}],"version-history":[{"count":8,"href":"https:\/\/promowheelsoffortune.com\/fr\/wp-json\/wp\/v2\/pages\/82\/revisions"}],"predecessor-version":[{"id":344,"href":"https:\/\/promowheelsoffortune.com\/fr\/wp-json\/wp\/v2\/pages\/82\/revisions\/344"}],"wp:attachment":[{"href":"https:\/\/promowheelsoffortune.com\/fr\/wp-json\/wp\/v2\/media?parent=82"}],"curies":[{"name":"wp","href":"https:\/\/api.w.org\/{rel}","templated":true}]}}