{"id":78,"date":"2025-07-13T08:00:07","date_gmt":"2025-07-13T06:00:07","guid":{"rendered":"https:\/\/promowheelsoffortune.com\/?page_id=78"},"modified":"2025-07-21T21:49:09","modified_gmt":"2025-07-21T19:49:09","slug":"premios-sorteos","status":"publish","type":"page","link":"https:\/\/promowheelsoffortune.com\/es\/prizes-giveaways\/","title":{"rendered":"Premios\/Sorteos"},"content":{"rendered":"<h4><span data-pts=\"\">Prizes Matter &#8211; And We Got Them All<\/span><\/h4>\n<p><br>Las Ruedas de la Fortuna captan la atenci\u00f3n de los transe\u00fantes, pero son los premios los que los atraen a tu puesto para hacer girar la rueda.<br><br>As\u00ed que s\u00ed, deber\u00eda haber algo de reflexi\u00f3n al elegir sus premios. Aqu\u00ed hay algunos consejos b\u00e1sicos sobre c\u00f3mo elegir el premio\/regalo adecuado:<br><\/p><ul><li>Los premios deben encajar con tu tema de marketing<\/li><li>Los premios deben ajustarse a su p\u00fablico objetivo.<\/li><li>Los premios deben estar marcados con tu logo\/mensaje<\/li><li>Think of tiered prizes &#8211; multiple levels of prizes<\/li><li>Ofrezca su producto o servicio (o una muestra del mismo)<\/li><\/ul><p><br>Llevamos 17 a\u00f1os desarrollando, fabricando y creando marcas de productos promocionales. Tenga la seguridad de que podemos suministrar cualquier tipo de premio\/obsequio.<br>Vea nuestros sitios web y nuestra galer\u00eda de fotos con productos que hemos fabricado en el pasado.<br><br>Para hablar sobre sus premios\/regalos de La Rueda de la Fortuna, env\u00edenos un correo electr\u00f3nico a <a href=\"emailto:info@promowheelsoffortune.com\">info@promowheelsoffortune.com<\/a> o llame al ++386 41 36 72 72<br><br>De nada.<\/p>\n\n\n\n\n<h1>Descubre nuestros diversos sitios web de premios \/ sorteos<\/h1>\n\n\n<p>Miles de productos publicitarios con r\u00e1pido tiempo de entrega y excelentes precios.<\/p>\n\n\n<h2>Mundo Textil<\/h2>\nAll kinds of brandable products made of textile &#8211; t-shirts, polos, jackets, hoodies, bags, towels, headwear, businesswear, workwear&#8230;\n\n\n\n\n\n\n\nEvery chocolate, candy, cookie, and all kinds of other delicacies you can think of &#8211; and more.","protected":false},"excerpt":{"rendered":"","protected":false},"author":1,"featured_media":0,"parent":0,"menu_order":0,"comment_status":"closed","ping_status":"closed","template":"","meta":{"pagelayer_contact_templates":[],"_pagelayer_content":"","footnotes":""},"class_list":["post-78","page","type-page","status-publish","hentry"],"_links":{"self":[{"href":"https:\/\/promowheelsoffortune.com\/es\/wp-json\/wp\/v2\/pages\/78","targetHints":{"allow":["GET"]}}],"collection":[{"href":"https:\/\/promowheelsoffortune.com\/es\/wp-json\/wp\/v2\/pages"}],"about":[{"href":"https:\/\/promowheelsoffortune.com\/es\/wp-json\/wp\/v2\/types\/page"}],"author":[{"embeddable":true,"href":"https:\/\/promowheelsoffortune.com\/es\/wp-json\/wp\/v2\/users\/1"}],"replies":[{"embeddable":true,"href":"https:\/\/promowheelsoffortune.com\/es\/wp-json\/wp\/v2\/comments?post=78"}],"version-history":[{"count":11,"href":"https:\/\/promowheelsoffortune.com\/es\/wp-json\/wp\/v2\/pages\/78\/revisions"}],"predecessor-version":[{"id":273,"href":"https:\/\/promowheelsoffortune.com\/es\/wp-json\/wp\/v2\/pages\/78\/revisions\/273"}],"wp:attachment":[{"href":"https:\/\/promowheelsoffortune.com\/es\/wp-json\/wp\/v2\/media?parent=78"}],"curies":[{"name":"wp","href":"https:\/\/api.w.org\/{rel}","templated":true}]}}